{"id":3544,"date":"2023-09-04T19:44:41","date_gmt":"2023-09-04T18:44:41","guid":{"rendered":"https:\/\/haffner.eu\/?page_id=3544"},"modified":"2025-09-30T14:37:02","modified_gmt":"2025-09-30T13:37:02","slug":"ferienwohnung-a","status":"publish","type":"page","link":"https:\/\/haffner.eu\/index.php\/ferienwohnung-a\/","title":{"rendered":"Ferienwohnung Typ A"},"content":{"rendered":"<div class=\"fusion-fullwidth fullwidth-box fusion-builder-row-1 nonhundred-percent-fullwidth non-hundred-percent-height-scrolling\" style=\"--awb-border-radius-top-left:0px;--awb-border-radius-top-right:0px;--awb-border-radius-bottom-right:0px;--awb-border-radius-bottom-left:0px;--awb-padding-top:20px;--awb-padding-right:20px;--awb-padding-left:20px;--awb-background-color:#ffffff;--awb-flex-wrap:wrap;\" ><div class=\"fusion-builder-row fusion-row\"><div class=\"fusion-layout-column fusion_builder_column fusion-builder-column-0 fusion_builder_column_1_1 1_1 fusion-one-full fusion-column-first fusion-column-last\" style=\"--awb-bg-size:cover;\"><div class=\"fusion-column-wrapper fusion-column-has-shadow fusion-flex-column-wrapper-legacy\"><div class=\"fusion-image-element fusion-image-align-center in-legacy-container\" style=\"text-align:center;--awb-caption-title-font-family:var(--h2_typography-font-family);--awb-caption-title-font-weight:var(--h2_typography-font-weight);--awb-caption-title-font-style:var(--h2_typography-font-style);--awb-caption-title-size:var(--h2_typography-font-size);--awb-caption-title-transform:var(--h2_typography-text-transform);--awb-caption-title-line-height:var(--h2_typography-line-height);--awb-caption-title-letter-spacing:var(--h2_typography-letter-spacing);\"><div class=\"imageframe-align-center\"><span class=\" fusion-imageframe imageframe-none imageframe-1 hover-type-none\"><img data-recalc-dims=\"1\" decoding=\"async\" width=\"1024\" height=\"359\" alt=\"Wohnzimmer\" title=\"Wohnzimmer Typ A\" src=\"https:\/\/i0.wp.com\/wp.haffner.eu\/wp-content\/uploads\/2021\/08\/wohnzimmer-typ-a.jpg?resize=1024%2C359&#038;ssl=1\" class=\"img-responsive wp-image-2518\" srcset=\"https:\/\/i0.wp.com\/haffner.eu\/wp-content\/uploads\/2021\/08\/wohnzimmer-typ-a.jpg?resize=200%2C70&amp;ssl=1 200w, https:\/\/i0.wp.com\/haffner.eu\/wp-content\/uploads\/2021\/08\/wohnzimmer-typ-a.jpg?resize=300%2C105&amp;ssl=1 300w, https:\/\/i0.wp.com\/haffner.eu\/wp-content\/uploads\/2021\/08\/wohnzimmer-typ-a.jpg?resize=400%2C140&amp;ssl=1 400w, https:\/\/i0.wp.com\/haffner.eu\/wp-content\/uploads\/2021\/08\/wohnzimmer-typ-a.jpg?resize=600%2C210&amp;ssl=1 600w, https:\/\/i0.wp.com\/haffner.eu\/wp-content\/uploads\/2021\/08\/wohnzimmer-typ-a.jpg?resize=768%2C269&amp;ssl=1 768w, https:\/\/i0.wp.com\/haffner.eu\/wp-content\/uploads\/2021\/08\/wohnzimmer-typ-a.jpg?resize=800%2C280&amp;ssl=1 800w, https:\/\/i0.wp.com\/haffner.eu\/wp-content\/uploads\/2021\/08\/wohnzimmer-typ-a.jpg?fit=1024%2C359&amp;ssl=1 1024w\" sizes=\"(max-width: 400px) 100vw, 1024px\" \/><\/span><\/div><\/div><div class=\"fusion-clearfix\"><\/div><\/div><\/div><div class=\"fusion-layout-column fusion_builder_column fusion-builder-column-1 fusion_builder_column_2_3 2_3 fusion-two-third fusion-column-first\" style=\"--awb-padding-left:40px;--awb-bg-color:#ffffff;--awb-bg-color-hover:#ffffff;--awb-bg-size:cover;width:65.3333%; margin-right: 4%;\" data-scroll-devices=\"small-visibility,medium-visibility,large-visibility\"><div class=\"fusion-column-wrapper fusion-column-has-shadow fusion-flex-column-wrapper-legacy\"><div class=\"fusion-text fusion-text-1\" style=\"--awb-text-transform:none;--awb-text-color:#000000;\"><div id=\"content\">\n<div id=\"content-inner\" class=\"inner column center\">\n<div id=\"content-area\">\n<div id=\"node-36\" class=\"node node clearfix node-type-page\">\n<div class=\"node-inner\">\n<div class=\"content\">\n<h1>Ferienwohnung Typ A<\/h1>\n<p>Wohnraum mit offener K\u00fcche, 1 Schlafzimmer, Bad, Terrasse oder Balkon.<\/p>\n<p><strong>Wohnraum<\/strong>\u00a0mit Couchgarnitur, gro\u00dfem SAT-TV.<\/p>\n<p><strong>K\u00fcche<\/strong>\u00a0mit Induktionskochfeld, Mikrowelle, Kaffeemaschine, Wasserkocher, Eierkocher, Toaster, K\u00fchlschrank mit Gefrierfach, Kochutensilien, Gl\u00e4sern, Geschirr, Besteck.<\/p>\n<p><strong>Schlafzimmer<\/strong>\u00a0mit Tageslicht, 2 zusammenstehenden Einzelbetten (je 90&#215;200 cm), gro\u00dfer Einbauschrank mit Schubladen und ausreichend Kleiderb\u00fcgeln, Safe, Radiowecker.<\/p>\n<p><strong>Bad<\/strong>\u00a0mit Tageslicht, gro\u00dfe Dusche, Badm\u00f6bel mit Spiegel, Haarf\u00f6hn.<\/p>\n<p><strong>Terrasse oder Balkon<\/strong>\u00a0mit Tisch und St\u00fchlen, 2 Sonnenliegen, Sonnenschirm, W\u00e4schest\u00e4nder.<\/p>\n<p><strong><u>Preis\/Nacht f\u00fcr 2 Personen (lokale Steuer IGIC inklusive)<\/u><\/strong><\/p>\n<\/div>\n<\/div>\n<\/div>\n<\/div>\n<\/div>\n<\/div>\n<\/div><div class=\"fusion-builder-row fusion-builder-row-inner fusion-row\"><div class=\"fusion-layout-column fusion_builder_column_inner fusion-builder-nested-column-0 fusion_builder_column_inner_1_2 1_2 fusion-one-half fusion-column-first\" style=\"--awb-bg-size:cover;width:50%;width:calc(50% - ( ( 4% ) * 0.5 ) );margin-right: 4%;\"><div class=\"fusion-column-wrapper fusion-column-has-shadow fusion-flex-column-wrapper-legacy\"><div class=\"fusion-text fusion-text-2\"><p><strong><u>Mietzeitraum bis 1. Oktober 2026<\/u><\/strong><br \/>\nParterre 130 Euro<br \/>\n1. OG\u00a0 \u00a0\u00a0145 Euro<br \/>\n2. OG\u00a0\u00a0 \u00a0160 Euro<\/p>\n<\/div><div class=\"fusion-clearfix\"><\/div><\/div><\/div><div class=\"fusion-layout-column fusion_builder_column_inner fusion-builder-nested-column-1 fusion_builder_column_inner_1_2 1_2 fusion-one-half fusion-column-last\" style=\"--awb-bg-size:cover;width:50%;width:calc(50% - ( ( 4% ) * 0.5 ) );\"><div class=\"fusion-column-wrapper fusion-column-has-shadow fusion-flex-column-wrapper-legacy\"><div class=\"fusion-text fusion-text-3\"><p><strong><u>Mietzeitraum ab 1. Oktober 2026<\/u><\/strong><br \/>\nParterre 135 Euro<br \/>\n1. OG\u00a0 \u00a0\u00a0150 Euro<br \/>\n2. OG\u00a0\u00a0 \u00a0165 Euro<\/p>\n<\/div><div class=\"fusion-clearfix\"><\/div><\/div><\/div><\/div><div class=\"fusion-text fusion-text-4\" style=\"--awb-text-transform:none;--awb-text-color:#000000;\"><div id=\"content\">\n<div id=\"content-inner\" class=\"inner column center\">\n<div id=\"content-area\">\n<div id=\"node-36\" class=\"node node clearfix node-type-page\">\n<div class=\"node-inner\">\n<div class=\"content\">\n<p><strong><u>Langzeitnachlass<\/u><\/strong><br \/>\nab \u00a06 Wochen 10%<br \/>\nab \u00a09 Wochen 15%<br \/>\nab 12 Wochen 20%<br \/>\nab 15 Wochen 25%<\/p>\n<p><strong><u>Im Preis enthalten<\/u><\/strong><br \/>\n\u2022 Pro Woche: 2x Reinigung, 3x Handt\u00fccher, 1xBettw\u00e4sche<br \/>\n\u2022 Endreinigung<br \/>\n\u2022 Badem\u00e4ntel und Pool-Handt\u00fccher<br \/>\n\u2022 Gro\u00dfer Safe<br \/>\n\u2022 Internetzugang (WLAN)<\/p>\n<p>Die Mindestmietdauer betr\u00e4gt 7 Tage.<\/p>\n<div class=\"fusion-layout-column fusion_builder_column fusion-builder-column-1 fusion_builder_column_2_3 2_3 fusion-two-third fusion-column-first\">\n<div class=\"fusion-column-wrapper fusion-column-has-shadow fusion-flex-column-wrapper-legacy\">\n<div class=\"fusion-clearfix\"><\/div>\n<\/div>\n<\/div>\n<div class=\"fusion-layout-column fusion_builder_column fusion-builder-column-2 fusion_builder_column_1_3 1_3 fusion-one-third fusion-column-last\">\n<div class=\"fusion-column-wrapper fusion-column-has-shadow fusion-flex-column-wrapper-legacy\"><\/div>\n<\/div>\n<\/div>\n<\/div>\n<\/div>\n<\/div>\n<\/div>\n<\/div>\n<\/div><div class=\"fusion-clearfix\"><\/div><\/div><\/div><div class=\"fusion-layout-column fusion_builder_column fusion-builder-column-2 fusion_builder_column_1_3 1_3 fusion-one-third fusion-column-last\" style=\"--awb-padding-right:30px;--awb-bg-blend:overlay;--awb-bg-size:cover;width:30.6666%;\"><div class=\"fusion-column-wrapper fusion-column-has-shadow fusion-flex-column-wrapper-legacy\"><div class=\"fusion-image-element in-legacy-container\" style=\"--awb-liftup-border-radius:0px;--awb-caption-title-font-family:var(--h2_typography-font-family);--awb-caption-title-font-weight:var(--h2_typography-font-weight);--awb-caption-title-font-style:var(--h2_typography-font-style);--awb-caption-title-size:var(--h2_typography-font-size);--awb-caption-title-transform:var(--h2_typography-text-transform);--awb-caption-title-line-height:var(--h2_typography-line-height);--awb-caption-title-letter-spacing:var(--h2_typography-letter-spacing);\"><div class=\"awb-image-frame awb-image-frame-2 imageframe-liftup\"><span class=\" fusion-imageframe imageframe-none imageframe-2\"><a class=\"fusion-no-lightbox\" href=\"https:\/\/i0.wp.com\/haffner.eu\/wp-content\/uploads\/2021\/09\/schlafzimmer-typ-a.jpg?ssl=1\" target=\"_self\" aria-label=\"Schlafzimmer Typ A\"><img data-recalc-dims=\"1\" decoding=\"async\" width=\"1100\" height=\"733\" alt=\"Schlafzimmer\" src=\"https:\/\/i0.wp.com\/wp.haffner.eu\/wp-content\/uploads\/2021\/09\/schlafzimmer-typ-a.jpg?resize=1100%2C733&#038;ssl=1\" class=\"img-responsive wp-image-2548\" srcset=\"https:\/\/i0.wp.com\/haffner.eu\/wp-content\/uploads\/2021\/09\/schlafzimmer-typ-a.jpg?resize=200%2C133&amp;ssl=1 200w, https:\/\/i0.wp.com\/haffner.eu\/wp-content\/uploads\/2021\/09\/schlafzimmer-typ-a.jpg?resize=300%2C200&amp;ssl=1 300w, https:\/\/i0.wp.com\/haffner.eu\/wp-content\/uploads\/2021\/09\/schlafzimmer-typ-a.jpg?resize=400%2C267&amp;ssl=1 400w, https:\/\/i0.wp.com\/haffner.eu\/wp-content\/uploads\/2021\/09\/schlafzimmer-typ-a.jpg?resize=600%2C400&amp;ssl=1 600w, https:\/\/i0.wp.com\/haffner.eu\/wp-content\/uploads\/2021\/09\/schlafzimmer-typ-a.jpg?resize=768%2C512&amp;ssl=1 768w, https:\/\/i0.wp.com\/haffner.eu\/wp-content\/uploads\/2021\/09\/schlafzimmer-typ-a.jpg?resize=800%2C533&amp;ssl=1 800w, https:\/\/i0.wp.com\/haffner.eu\/wp-content\/uploads\/2021\/09\/schlafzimmer-typ-a.jpg?resize=1024%2C683&amp;ssl=1 1024w, https:\/\/i0.wp.com\/haffner.eu\/wp-content\/uploads\/2021\/09\/schlafzimmer-typ-a.jpg?fit=1200%2C800&amp;ssl=1 1200w\" sizes=\"(max-width: 400px) 100vw, 400px\" \/><\/a><\/span><\/div><\/div><div class=\"fusion-sep-clear\"><\/div><div class=\"fusion-separator fusion-full-width-sep\" style=\"margin-left: auto;margin-right: auto;width:100%;\"><div class=\"fusion-separator-border sep-double\" style=\"--awb-height:20px;--awb-amount:20px;border-color:#000000;border-top-width:0px;border-bottom-width:0px;\"><\/div><\/div><div class=\"fusion-sep-clear\"><\/div><div class=\"fusion-sep-clear\"><\/div><div class=\"fusion-separator fusion-full-width-sep\" style=\"margin-left: auto;margin-right: auto;width:100%;\"><div class=\"fusion-separator-border sep-double\" style=\"--awb-height:20px;--awb-amount:20px;border-color:#000000;border-top-width:0px;border-bottom-width:0px;\"><\/div><\/div><div class=\"fusion-sep-clear\"><\/div><div class=\"fusion-image-element in-legacy-container\" style=\"--awb-liftup-border-radius:0px;--awb-caption-title-font-family:var(--h2_typography-font-family);--awb-caption-title-font-weight:var(--h2_typography-font-weight);--awb-caption-title-font-style:var(--h2_typography-font-style);--awb-caption-title-size:var(--h2_typography-font-size);--awb-caption-title-transform:var(--h2_typography-text-transform);--awb-caption-title-line-height:var(--h2_typography-line-height);--awb-caption-title-letter-spacing:var(--h2_typography-letter-spacing);\"><div class=\"awb-image-frame awb-image-frame-3 imageframe-liftup\"><span class=\" fusion-imageframe imageframe-none imageframe-3\"><a class=\"fusion-no-lightbox\" href=\"https:\/\/i0.wp.com\/haffner.eu\/wp-content\/uploads\/2021\/08\/bad-typ-a.jpg?ssl=1\" target=\"_self\" aria-label=\"Bad Typ A\"><img data-recalc-dims=\"1\" decoding=\"async\" width=\"1024\" height=\"683\" alt=\"Bad\" src=\"https:\/\/i0.wp.com\/wp.haffner.eu\/wp-content\/uploads\/2021\/08\/bad-typ-a.jpg?resize=1024%2C683&#038;ssl=1\" class=\"img-responsive wp-image-2521\" srcset=\"https:\/\/i0.wp.com\/haffner.eu\/wp-content\/uploads\/2021\/08\/bad-typ-a.jpg?resize=200%2C133&amp;ssl=1 200w, https:\/\/i0.wp.com\/haffner.eu\/wp-content\/uploads\/2021\/08\/bad-typ-a.jpg?resize=300%2C200&amp;ssl=1 300w, https:\/\/i0.wp.com\/haffner.eu\/wp-content\/uploads\/2021\/08\/bad-typ-a.jpg?resize=400%2C267&amp;ssl=1 400w, https:\/\/i0.wp.com\/haffner.eu\/wp-content\/uploads\/2021\/08\/bad-typ-a.jpg?resize=600%2C400&amp;ssl=1 600w, https:\/\/i0.wp.com\/haffner.eu\/wp-content\/uploads\/2021\/08\/bad-typ-a.jpg?resize=768%2C512&amp;ssl=1 768w, https:\/\/i0.wp.com\/haffner.eu\/wp-content\/uploads\/2021\/08\/bad-typ-a.jpg?resize=800%2C534&amp;ssl=1 800w, https:\/\/i0.wp.com\/haffner.eu\/wp-content\/uploads\/2021\/08\/bad-typ-a.jpg?fit=1024%2C683&amp;ssl=1 1024w\" sizes=\"(max-width: 400px) 100vw, 400px\" \/><\/a><\/span><\/div><\/div><div class=\"fusion-sep-clear\"><\/div><div class=\"fusion-separator fusion-full-width-sep\" style=\"margin-left: auto;margin-right: auto;width:100%;\"><div class=\"fusion-separator-border sep-double\" style=\"--awb-height:20px;--awb-amount:20px;border-color:#000000;border-top-width:0px;border-bottom-width:0px;\"><\/div><\/div><div class=\"fusion-sep-clear\"><\/div><div class=\"fusion-sep-clear\"><\/div><div class=\"fusion-separator fusion-full-width-sep\" style=\"margin-left: auto;margin-right: auto;width:100%;\"><div class=\"fusion-separator-border sep-double\" style=\"--awb-height:20px;--awb-amount:20px;border-color:#000000;border-top-width:0px;border-bottom-width:0px;\"><\/div><\/div><div class=\"fusion-sep-clear\"><\/div><div class=\"fusion-image-element in-legacy-container\" style=\"--awb-liftup-border-radius:0px;--awb-caption-title-font-family:var(--h2_typography-font-family);--awb-caption-title-font-weight:var(--h2_typography-font-weight);--awb-caption-title-font-style:var(--h2_typography-font-style);--awb-caption-title-size:var(--h2_typography-font-size);--awb-caption-title-transform:var(--h2_typography-text-transform);--awb-caption-title-line-height:var(--h2_typography-line-height);--awb-caption-title-letter-spacing:var(--h2_typography-letter-spacing);\"><div class=\"awb-image-frame awb-image-frame-4 imageframe-liftup\"><span class=\" fusion-imageframe imageframe-none imageframe-4\"><a class=\"fusion-no-lightbox\" href=\"https:\/\/i0.wp.com\/haffner.eu\/wp-content\/uploads\/2021\/09\/schlafzimmer-typ-a.jpg?ssl=1\" target=\"_self\" aria-label=\"Blick von Terrasse Richtung Meer\"><img data-recalc-dims=\"1\" decoding=\"async\" width=\"1100\" height=\"733\" alt=\"Terrasse\" src=\"https:\/\/i0.wp.com\/wp.haffner.eu\/wp-content\/uploads\/2021\/09\/blick-von-terrasse-richtung-meer-typ-a.jpg?resize=1100%2C733&#038;ssl=1\" class=\"img-responsive wp-image-2549\" srcset=\"https:\/\/i0.wp.com\/haffner.eu\/wp-content\/uploads\/2021\/09\/blick-von-terrasse-richtung-meer-typ-a.jpg?resize=200%2C133&amp;ssl=1 200w, https:\/\/i0.wp.com\/haffner.eu\/wp-content\/uploads\/2021\/09\/blick-von-terrasse-richtung-meer-typ-a.jpg?resize=300%2C200&amp;ssl=1 300w, https:\/\/i0.wp.com\/haffner.eu\/wp-content\/uploads\/2021\/09\/blick-von-terrasse-richtung-meer-typ-a.jpg?resize=400%2C267&amp;ssl=1 400w, https:\/\/i0.wp.com\/haffner.eu\/wp-content\/uploads\/2021\/09\/blick-von-terrasse-richtung-meer-typ-a.jpg?resize=600%2C400&amp;ssl=1 600w, https:\/\/i0.wp.com\/haffner.eu\/wp-content\/uploads\/2021\/09\/blick-von-terrasse-richtung-meer-typ-a.jpg?resize=768%2C512&amp;ssl=1 768w, https:\/\/i0.wp.com\/haffner.eu\/wp-content\/uploads\/2021\/09\/blick-von-terrasse-richtung-meer-typ-a.jpg?resize=800%2C533&amp;ssl=1 800w, https:\/\/i0.wp.com\/haffner.eu\/wp-content\/uploads\/2021\/09\/blick-von-terrasse-richtung-meer-typ-a.jpg?resize=1024%2C683&amp;ssl=1 1024w, https:\/\/i0.wp.com\/haffner.eu\/wp-content\/uploads\/2021\/09\/blick-von-terrasse-richtung-meer-typ-a.jpg?fit=1200%2C800&amp;ssl=1 1200w\" sizes=\"(max-width: 400px) 100vw, 400px\" \/><\/a><\/span><\/div><\/div><div class=\"fusion-clearfix\"><\/div><\/div><\/div><\/div><\/div>\n","protected":false},"excerpt":{"rendered":"","protected":false},"author":1,"featured_media":0,"parent":0,"menu_order":0,"comment_status":"closed","ping_status":"closed","template":"","meta":{"footnotes":""},"class_list":["post-3544","page","type-page","status-publish","hentry"],"yoast_head":"<!-- This site is optimized with the Yoast SEO plugin v27.4 - https:\/\/yoast.com\/product\/yoast-seo-wordpress\/ -->\n<title>Ferienwohnung Typ A &#8902; Apartments Costa Rica auf Gran Canaria<\/title>\n<meta name=\"description\" content=\"Ferienwohnung Typ A, Beschreibung, Preise, Langzeitnachlass, Reinigungen.\" \/>\n<meta name=\"robots\" content=\"index, follow, max-snippet:-1, max-image-preview:large, max-video-preview:-1\" \/>\n<link rel=\"canonical\" href=\"https:\/\/haffner.eu\/index.php\/ferienwohnung-a\/\" \/>\n<meta property=\"og:locale\" content=\"de_DE\" \/>\n<meta property=\"og:type\" content=\"article\" \/>\n<meta property=\"og:title\" content=\"Ferienwohnung Typ A &#8902; Apartments Costa Rica auf Gran Canaria\" \/>\n<meta property=\"og:description\" content=\"Ferienwohnung Typ A, Beschreibung, Preise, Langzeitnachlass, Reinigungen.\" \/>\n<meta property=\"og:url\" content=\"https:\/\/haffner.eu\/index.php\/ferienwohnung-a\/\" \/>\n<meta property=\"og:site_name\" content=\"Apartments Costa Rica auf Gran Canaria\" \/>\n<meta property=\"article:modified_time\" content=\"2025-09-30T13:37:02+00:00\" \/>\n<meta name=\"twitter:card\" content=\"summary_large_image\" \/>\n<meta name=\"twitter:label1\" content=\"Gesch\u00e4tzte Lesezeit\" \/>\n\t<meta name=\"twitter:data1\" content=\"2\u00a0Minuten\" \/>\n<script type=\"application\/ld+json\" class=\"yoast-schema-graph\">{\"@context\":\"https:\\\/\\\/schema.org\",\"@graph\":[{\"@type\":\"WebPage\",\"@id\":\"https:\\\/\\\/haffner.eu\\\/index.php\\\/ferienwohnung-a\\\/\",\"url\":\"https:\\\/\\\/haffner.eu\\\/index.php\\\/ferienwohnung-a\\\/\",\"name\":\"Ferienwohnung Typ A &#8902; Apartments Costa Rica auf Gran Canaria\",\"isPartOf\":{\"@id\":\"https:\\\/\\\/haffner.eu\\\/#website\"},\"datePublished\":\"2023-09-04T18:44:41+00:00\",\"dateModified\":\"2025-09-30T13:37:02+00:00\",\"description\":\"Ferienwohnung Typ A, Beschreibung, Preise, Langzeitnachlass, Reinigungen.\",\"breadcrumb\":{\"@id\":\"https:\\\/\\\/haffner.eu\\\/index.php\\\/ferienwohnung-a\\\/#breadcrumb\"},\"inLanguage\":\"de\",\"potentialAction\":[{\"@type\":\"ReadAction\",\"target\":[\"https:\\\/\\\/haffner.eu\\\/index.php\\\/ferienwohnung-a\\\/\"]}]},{\"@type\":\"BreadcrumbList\",\"@id\":\"https:\\\/\\\/haffner.eu\\\/index.php\\\/ferienwohnung-a\\\/#breadcrumb\",\"itemListElement\":[{\"@type\":\"ListItem\",\"position\":1,\"name\":\"Startseite\",\"item\":\"https:\\\/\\\/haffner.eu\\\/\"},{\"@type\":\"ListItem\",\"position\":2,\"name\":\"Ferienwohnung Typ A\"}]},{\"@type\":\"WebSite\",\"@id\":\"https:\\\/\\\/haffner.eu\\\/#website\",\"url\":\"https:\\\/\\\/haffner.eu\\\/\",\"name\":\"Apartments Costa Rica auf Gran Canaria\",\"description\":\"\",\"potentialAction\":[{\"@type\":\"SearchAction\",\"target\":{\"@type\":\"EntryPoint\",\"urlTemplate\":\"https:\\\/\\\/haffner.eu\\\/?s={search_term_string}\"},\"query-input\":{\"@type\":\"PropertyValueSpecification\",\"valueRequired\":true,\"valueName\":\"search_term_string\"}}],\"inLanguage\":\"de\"}]}<\/script>\n<!-- \/ Yoast SEO plugin. -->","yoast_head_json":{"title":"Ferienwohnung Typ A &#8902; Apartments Costa Rica auf Gran Canaria","description":"Ferienwohnung Typ A, Beschreibung, Preise, Langzeitnachlass, Reinigungen.","robots":{"index":"index","follow":"follow","max-snippet":"max-snippet:-1","max-image-preview":"max-image-preview:large","max-video-preview":"max-video-preview:-1"},"canonical":"https:\/\/haffner.eu\/index.php\/ferienwohnung-a\/","og_locale":"de_DE","og_type":"article","og_title":"Ferienwohnung Typ A &#8902; Apartments Costa Rica auf Gran Canaria","og_description":"Ferienwohnung Typ A, Beschreibung, Preise, Langzeitnachlass, Reinigungen.","og_url":"https:\/\/haffner.eu\/index.php\/ferienwohnung-a\/","og_site_name":"Apartments Costa Rica auf Gran Canaria","article_modified_time":"2025-09-30T13:37:02+00:00","twitter_card":"summary_large_image","twitter_misc":{"Gesch\u00e4tzte Lesezeit":"2\u00a0Minuten"},"schema":{"@context":"https:\/\/schema.org","@graph":[{"@type":"WebPage","@id":"https:\/\/haffner.eu\/index.php\/ferienwohnung-a\/","url":"https:\/\/haffner.eu\/index.php\/ferienwohnung-a\/","name":"Ferienwohnung Typ A &#8902; Apartments Costa Rica auf Gran Canaria","isPartOf":{"@id":"https:\/\/haffner.eu\/#website"},"datePublished":"2023-09-04T18:44:41+00:00","dateModified":"2025-09-30T13:37:02+00:00","description":"Ferienwohnung Typ A, Beschreibung, Preise, Langzeitnachlass, Reinigungen.","breadcrumb":{"@id":"https:\/\/haffner.eu\/index.php\/ferienwohnung-a\/#breadcrumb"},"inLanguage":"de","potentialAction":[{"@type":"ReadAction","target":["https:\/\/haffner.eu\/index.php\/ferienwohnung-a\/"]}]},{"@type":"BreadcrumbList","@id":"https:\/\/haffner.eu\/index.php\/ferienwohnung-a\/#breadcrumb","itemListElement":[{"@type":"ListItem","position":1,"name":"Startseite","item":"https:\/\/haffner.eu\/"},{"@type":"ListItem","position":2,"name":"Ferienwohnung Typ A"}]},{"@type":"WebSite","@id":"https:\/\/haffner.eu\/#website","url":"https:\/\/haffner.eu\/","name":"Apartments Costa Rica auf Gran Canaria","description":"","potentialAction":[{"@type":"SearchAction","target":{"@type":"EntryPoint","urlTemplate":"https:\/\/haffner.eu\/?s={search_term_string}"},"query-input":{"@type":"PropertyValueSpecification","valueRequired":true,"valueName":"search_term_string"}}],"inLanguage":"de"}]}},"jetpack_shortlink":"https:\/\/wp.me\/Pdr8Uo-Va","jetpack_sharing_enabled":true,"_links":{"self":[{"href":"https:\/\/haffner.eu\/index.php\/wp-json\/wp\/v2\/pages\/3544","targetHints":{"allow":["GET"]}}],"collection":[{"href":"https:\/\/haffner.eu\/index.php\/wp-json\/wp\/v2\/pages"}],"about":[{"href":"https:\/\/haffner.eu\/index.php\/wp-json\/wp\/v2\/types\/page"}],"author":[{"embeddable":true,"href":"https:\/\/haffner.eu\/index.php\/wp-json\/wp\/v2\/users\/1"}],"replies":[{"embeddable":true,"href":"https:\/\/haffner.eu\/index.php\/wp-json\/wp\/v2\/comments?post=3544"}],"version-history":[{"count":10,"href":"https:\/\/haffner.eu\/index.php\/wp-json\/wp\/v2\/pages\/3544\/revisions"}],"predecessor-version":[{"id":4171,"href":"https:\/\/haffner.eu\/index.php\/wp-json\/wp\/v2\/pages\/3544\/revisions\/4171"}],"wp:attachment":[{"href":"https:\/\/haffner.eu\/index.php\/wp-json\/wp\/v2\/media?parent=3544"}],"curies":[{"name":"wp","href":"https:\/\/api.w.org\/{rel}","templated":true}]}}