{"id":2453,"date":"2021-08-18T10:35:45","date_gmt":"2021-08-18T09:35:45","guid":{"rendered":"https:\/\/wp.haffner.eu\/?page_id=2453"},"modified":"2025-07-30T12:53:10","modified_gmt":"2025-07-30T11:53:10","slug":"agb","status":"publish","type":"page","link":"https:\/\/haffner.eu\/index.php\/agb\/","title":{"rendered":"AGB"},"content":{"rendered":"<div class=\"fusion-fullwidth fullwidth-box fusion-builder-row-1 fusion-flex-container nonhundred-percent-fullwidth non-hundred-percent-height-scrolling\" style=\"--awb-border-radius-top-left:0px;--awb-border-radius-top-right:0px;--awb-border-radius-bottom-right:0px;--awb-border-radius-bottom-left:0px;--awb-background-color:#ffbb56;--awb-flex-wrap:wrap;\" ><div class=\"fusion-builder-row fusion-row fusion-flex-align-items-flex-start fusion-flex-content-wrap\" style=\"max-width:1144px;margin-left: calc(-4% \/ 2 );margin-right: calc(-4% \/ 2 );\"><div class=\"fusion-layout-column fusion_builder_column fusion-builder-column-0 fusion_builder_column_1_2 1_2 fusion-flex-column\" style=\"--awb-bg-size:cover;--awb-width-large:50%;--awb-margin-top-large:60px;--awb-spacing-right-large:3.84%;--awb-margin-bottom-large:20px;--awb-spacing-left-large:3.84%;--awb-width-medium:100%;--awb-order-medium:0;--awb-spacing-right-medium:1.92%;--awb-spacing-left-medium:1.92%;--awb-width-small:100%;--awb-order-small:0;--awb-spacing-right-small:1.92%;--awb-spacing-left-small:1.92%;\"><div class=\"fusion-column-wrapper fusion-column-has-shadow fusion-flex-justify-content-flex-start fusion-content-layout-column\"><div class=\"fusion-text fusion-text-1\"><p><b>Vertrags- und Stornobedingungen<\/b> Nr. 05 welche f\u00fcr jede Buchung verbindlich sind:<\/p>\n<p>Bei Vertragsabschluss muss innerhalb von zwei Wochen 20% Anzahlung, mindestens jedoch 200 Euro, geleistet werden. Die Firma Fewo Haffner S.L. beh\u00e4lt sich das Recht vor die Buchung zu annullieren, sofern die Anzahlung nicht fristgerecht eingeht. Wird von dem gesetzlich bestehenden R\u00fccktrittsrecht von zwei Wochen kein Gebrauch gemacht, bleibt die Verpflichtung zur Zahlung von 20% oder des Minimums von 200 Euro Stornogeb\u00fchr als Entsch\u00e4digung bestehen.<\/p>\n<p>Die Zahlung des Restbetrags muss bis zu einem Monat vor Anreise per Bank\u00fcberweisung geleistet werden oder sie muss bei Ankunft in unserem B\u00fcro erfolgen.<\/p>\n<p>Mit Zahlung der Anzahlung verzichtet der Mieter auf das gesetzliche R\u00fccktrittsrecht von zwei Wochen und akzeptiert die in der Reservierung ausgewiesenen Preise und die Vertrags- und Stornobedingungen Nr. 05.<\/p>\n<p>Informationen zur lokalen Steuern IGIC. Der zum Zeitpunkt der Buchung angezeigte Preis enth\u00e4lt die lokale Steuer IGIC zum jeweils g\u00fcltigen Steuersatz. \u00c4ndert sich der Steuersatz zwischen dem Buchungs- und dem Leistungserbringungsdatum und f\u00fchrt dies zu einer Abweichung, wird der zum Zeitpunkt der Leistungserbringung bzw. des Steueranfalls g\u00fcltige Steuersatz auf den Endpreis angewendet, auch wenn sich dadurch der dem Kunden zum Zeitpunkt der Buchung mitgeteilte Endpreis erh\u00f6ht.<\/p>\n<p>Die Wohnungen d\u00fcrfen nur mit den in dieser Buchungsbest\u00e4tigung angegebenen Personen belegt werden. Dieses Wohnrecht darf ohne Zustimmung der Firma Fewo Haffner S.L. nicht an Dritte \u00fcbertragen werden.<\/p>\n<p>Ein kleiner Hund bis 8 kg ist nur mit schriftlicher Erlaubnis von Fewo Haffner S.L. gestattet. Dies wird mit einem Zuschlag von 5 Euro pro Nacht berechnet. Der Hund darf nicht in den Gemeinschaftszonen, die an das Schwimmbad und die Terrassen der Wohnungen grenzen ausgef\u00fchrt werden.<\/p>\n<p>Teilen Sie uns bitte 1 Woche vor Anreise Ihre Ankunftsdaten\/Flugdaten (Buchstaben und Ziffern) sowie Ihre voraussichtliche Ankunftszeit mit.<\/p>\n<p>Am Abreisetag muss die Wohnung bis sp\u00e4testens 11.00 Uhr ger\u00e4umt sein.<\/p>\n<p style=\"text-align: center;\"><b style=\"color: var(--body_typography-color); font-family: var(--body_typography-font-family); font-size: var(--body_typography-font-size); font-style: var(--body_typography-font-style,normal); letter-spacing: var(--body_typography-letter-spacing);\">PAUSCHALIERTE KOSTEN ALS SCHADENSERSATZ BEI TERMIN\u00c4NDERUNG ODER VERTRAGSSTORNIERUNG<\/b><\/p>\n<p>1. a) Bei einer Stornierung ab Buchungstag bis 6 Monate vor Anreise 20% Stornokosten als Schadensersatz wegen Nichterf\u00fcllung des Vertrags.<br \/>\nb) Vom 6. Monat bis zum 4. Monat vor der Ankunft 50% Stornokosten.<br \/>\nc) Vom 4. Monat bis zum Ankunftstag 90% Stornokosten.<\/p>\n<p>2. Bis 6 Monate vor der Ankunft ist eine kostenlose Termin\u00e4nderung m\u00f6glich, danach entstehen die gleichen Kosten wie bei einer Stornierung.<\/p>\n<p>3. Bei vorzeitiger Abreise gibt es keinen Anspruch auf R\u00fcckerstattung f\u00fcr die nicht genutzte Zeit.<\/p>\n<p>4. Storno oder Termin\u00e4nderungen m\u00fcssen schriftlich erfolgen. Ma\u00dfgebend f\u00fcr die Wahrung der Fristen ist das Eingangsdatum beim Empf\u00e4nger.<\/p>\n<p style=\"text-align: center;\"><b>SALVATORISCHE KLAUSEL<\/b><\/p>\n<p>Sollten Bestimmungen dieses Vertrages ganz oder teilweise nicht rechtswirksam oder durchf\u00fchrbar sein oder ihre Wirksamkeit oder Durchf\u00fchrbarkeit sp\u00e4ter verlieren, so soll hierdurch die G\u00fcltigkeit dieses Vertrages im \u00dcbrigen nicht ber\u00fchrt werden. Das Gleiche gilt, soweit sich in dem Vertrag eine L\u00fccke herausstellen sollte.<\/p>\n<p>An Stelle der unwirksamen oder undurchf\u00fchrbaren Regelung oder zur Ausf\u00fcllung der L\u00fccke werden die Parteien eine angemessene Regelung treffen, die soweit rechtlich m\u00f6glich, dem am n\u00e4chsten kommt, was die Vertragspartner gewollt haben oder nach dem Sinn und Zweck dieses Vertrages gewollt haben w\u00fcrden, soweit sie bei Abschluss des Vertrages den Punkt beachten, vor der Unwirksamkeit oder Undurchf\u00fchrbarkeit Kenntnis gehabt h\u00e4tten.<\/p>\n<p style=\"text-align: center;\"><b>GERICHTSSTAND<\/b><\/p>\n<p>Um etwaige Kontroversen beizulegen, die sich aus der Auslegung und Erf\u00fcllung dieses Vertrages ergeben k\u00f6nnten, vereinbaren die Parteien als Gerichtsstand San Bartolom\u00e9 de Tirajana, da dies der Ort ist an dem die vertragliche Leistung erbracht wird.<\/p>\n<p style=\"text-align: center;\"><b>DATENSCHUTZ<\/b><\/p>\n<p><b>INFORMATIONEN in Erf\u00fcllung der Bestimmungen des Artikels 13 der EU-Verordnung 2016\/679<\/b>. Die Daten der Unterzeichner dieses Vertrags werden von beiden Seiten verarbeitet um ihn durchf\u00fchren zu k\u00f6nnen. Diese Daten werden bis zur gesetzlichen Verj\u00e4hrung der in Bezug auf die Dienstleistung entstandenen Anspr\u00fcche die beide Seiten verbinden aufbewahrt. Die Unterzeichner haben das Recht von beiden Seiten Zugang zu ihren personenbezogenen Daten zu erhalten sowie deren Berichtigung oder L\u00f6schung zu beantragen, an den in der \u00dcberschrift dieses Vertrags zum Zwecke der Zustellung angegebenen Adressen. Ebenso haben sie das Recht, bei der zust\u00e4ndigen Kontrollbeh\u00f6rde (Agencia Espa\u00f1ola de Protecci\u00f3n de Datos: www.aepd.es) eine Reklamation einzureichen, falls sie der Ansicht sind, dass ihr Recht auf Datenschutz verletzt wurde.<\/p>\n<\/div><\/div><\/div><div class=\"fusion-layout-column fusion_builder_column fusion-builder-column-1 fusion_builder_column_1_2 1_2 fusion-flex-column\" style=\"--awb-bg-size:cover;--awb-width-large:50%;--awb-margin-top-large:60px;--awb-spacing-right-large:3.84%;--awb-margin-bottom-large:20px;--awb-spacing-left-large:3.84%;--awb-width-medium:100%;--awb-order-medium:0;--awb-spacing-right-medium:1.92%;--awb-spacing-left-medium:1.92%;--awb-width-small:100%;--awb-order-small:0;--awb-spacing-right-small:1.92%;--awb-spacing-left-small:1.92%;\"><div class=\"fusion-column-wrapper fusion-column-has-shadow fusion-flex-justify-content-flex-start fusion-content-layout-column\"><div class=\"fusion-text fusion-text-2\"><p><b>Condiciones de contrato y pol\u00edticas de cancelaci\u00f3n<\/b> n\u00b0 05 los cuales son vinculantes para cualquier reserva<\/p>\n<p>Al otorgar el contrato es obligatorio abonar un pago a cuenta de un 20%, o un m\u00ednimo de 200 euros, dentro de dos semanas. Si el pago a cuenta no se abona a fecha se\u00f1alada, la empresa Fewo Haffner S.L. se reserva el derecho de cancelar el contrato. Si no se ejerce el derecho legal de desistimiento de dos semanas, persiste la obligaci\u00f3n de abonar el 20% \u00f3 los 200 euros m\u00ednimo en concepto de gastos de cancelaci\u00f3n por indemnizaci\u00f3n.<\/p>\n<p>El pago del importe restante se debe ingresar mediante transferencia bancaria hasta un mes antes a la fecha de llegada, o ser abonado el d\u00eda de la llegada en nuestra oficina.<\/p>\n<p>Con el pago a cuenta el arrendatario renuncia al derecho legal de desistimiento de dos semanas y acepta los precios reflejados en la reserva, as\u00ed como las condiciones del contrato y las pol\u00edticas de cancelaci\u00f3n n\u00ba 05.<\/p>\n<p>Informaci\u00f3n sobre el impuesto local IGIC. El precio mostrado al realizar la reserva incluye el impuesto local IGIC al tipo impositivo vigente en ese momento.<br \/>\nEn caso de que el tipo impositivo var\u00ede entre la fecha de reserva y la fecha de prestaci\u00f3n del servicio, dando lugar a una discrepancia, el tipo impositivo aplicado al precio final ser\u00e1 el vigente en el momento de la prestaci\u00f3n del servicio o del devengo del impuesto, incluso si este \u00faltimo supone un aumento del precio final comunicado al cliente al realizar la reserva.<\/p>\n<p>Los apartamentos solo podr\u00e1n ser alojados\/ocupados con las personas rese\u00f1adas en la confirmaci\u00f3n de reserva, sin que el derecho de alojamiento pueda cederse a terceros sin la expresa autorizaci\u00f3n de la empresa Fewo Haffner S.L.<\/p>\n<p>Se permite la estancia de una mascota de hasta 8 kg, siempre con autorizaci\u00f3n escrita por parte de Fewo Haffner S.L., el precio de alquiler se incrementar\u00e1 5 euros por noche. No se permite llevar la mascota por las zonas comunes que lindan con las terrazas de los apartamentos y la piscina.<\/p>\n<p>Por favor, h\u00e1ganos saber una semana antes de su llegada sus datos de llegada\/vuelo (Letras y n\u00fameros) as\u00ed como la hora de llegada prevista.<\/p>\n<p>El d\u00eda de la salida el apartamento debe ser desalojado antes de las 11.00 horas.<\/p>\n<p style=\"text-align: center;\"><b>COSTES GLOBALES INDEMNIZATORIOS POR CAMBIO DE FECHAS \u00d3 CANCELACI\u00d3N DEL CONTRATO<\/b><\/p>\n<p>1.a) El coste de cancelaci\u00f3n a partir del d\u00eda de la reserva hasta 6 meses antes de la fecha de llegada ser\u00e1 del 20%, que tiene car\u00e1cter de indemnizaci\u00f3n por incumplimiento.<br \/>\nb) A partir del 6\u00b0 mes hasta el 4\u00b0 mes el coste de cancelaci\u00f3n ser\u00e1 del 50%.<br \/>\nc) A partir del 4\u00b0 mes hasta la fecha de llegada el coste de cancelaci\u00f3n ser\u00e1 del 90%.<\/p>\n<p>2. Hasta 6 meses antes de la fecha de llegada se puede solicitar un cambio en la fecha acordada sin coste, con posterioridad el cambio de fecha acordada tendr\u00e1 el mismo coste que la cancelaci\u00f3n.<\/p>\n<p>3. En caso de salida anticipada no hay derecho a reembolso por el tiempo no utilizado.<\/p>\n<p>4. Tanto la cancelaci\u00f3n como la solicitud de cambio de fecha tienen que ser remitida por escrito. La fecha de recepci\u00f3n en el destinatario es determinante para el cumplimento de los plazos.<\/p>\n<p style=\"text-align: center;\"><b>CL\u00c1USULA DE SALVEDAD<\/b><\/p>\n<p>Si las disposiciones de este contrato no fuesen legalmente eficaces en su totalidad o en parte o si pierden su validez, no afectar\u00e1 a las obligaciones de este contrato. Lo mismo se aplica, en la medida en que en el contrato se produzca una laguna legal. En lugar de la disposici\u00f3n ineficaz o inaplicable o para dar contenido a la laguna, las partes deber\u00e1n acordar las condiciones que se acerquen lo mas posible al esp\u00edritu y naturaleza jur\u00eddica del prop\u00f3sito de este contrato.<\/p>\n<p style=\"text-align: center;\"><b>LUGAR DE JURISDICCI\u00d3N<br \/>\n<\/b><\/p>\n<p>Para resolver cualquier controversia que pudiera suscitarse de la interpretaci\u00f3n y cumplimiento del contrato, las partes renunciando a su fuero propio se someten a los Juzgados y Tribunales de San Bartolom\u00e9 de Tirajana por ser el lugar donde se presta el servicio contratado.<\/p>\n<p style=\"text-align: center;\"><b>PROTECCI\u00d3N DE DATOS<\/b><\/p>\n<p><b>INFORMACI\u00d3N EN CUMPLIMIENTO DE LO ESTABLECIDO EN EL ART\u00cdCULO 13 DEL Reglamento (UE) 2016\/679<\/b>. Los datos de las personas firmantes del presente contrato ser\u00e1n objeto de tratamiento por ambas partes para poder ejecutar el mismo. Dichos datos ser\u00e1n conservados durante los plazos legales de prescripci\u00f3n de las responsabilidades nacidas de la relaci\u00f3n de prestaci\u00f3n de servicios que vincula a ambas partes. Las personas firmantes tienen derecho a solicitar a ambas partes el acceso a sus datos personales, as\u00ed como su rectificaci\u00f3n o supresi\u00f3n, en las direcciones a efectos de notificaciones indicadas en el encabezamiento del presente contrato. Asimismo, tienen derecho a presentar una reclamaci\u00f3n a la autoridad de control competente (Agencia Espa\u00f1ola de Protecci\u00f3n de Datos: www.aepd.es) en el supuesto de que entiendan que su derecho a la protecci\u00f3n de datos ha sido vulnerado.<\/p>\n<\/div><\/div><\/div><\/div><\/div>\n","protected":false},"excerpt":{"rendered":"","protected":false},"author":1,"featured_media":0,"parent":0,"menu_order":0,"comment_status":"closed","ping_status":"closed","template":"","meta":{"footnotes":""},"class_list":["post-2453","page","type-page","status-publish","hentry"],"yoast_head":"<!-- This site is optimized with the Yoast SEO plugin v27.3 - https:\/\/yoast.com\/product\/yoast-seo-wordpress\/ -->\n<title>AGB &#8902; Apartments Costa Rica auf Gran Canaria<\/title>\n<meta name=\"robots\" content=\"index, follow, max-snippet:-1, max-image-preview:large, max-video-preview:-1\" \/>\n<link rel=\"canonical\" href=\"https:\/\/haffner.eu\/index.php\/agb\/\" \/>\n<meta property=\"og:locale\" content=\"de_DE\" \/>\n<meta property=\"og:type\" content=\"article\" \/>\n<meta property=\"og:title\" content=\"AGB &#8902; Apartments Costa Rica auf Gran Canaria\" \/>\n<meta property=\"og:url\" content=\"https:\/\/haffner.eu\/index.php\/agb\/\" \/>\n<meta property=\"og:site_name\" content=\"Apartments Costa Rica auf Gran Canaria\" \/>\n<meta property=\"article:modified_time\" content=\"2025-07-30T11:53:10+00:00\" \/>\n<meta name=\"twitter:card\" content=\"summary_large_image\" \/>\n<meta name=\"twitter:label1\" content=\"Gesch\u00e4tzte Lesezeit\" \/>\n\t<meta name=\"twitter:data1\" content=\"9\u00a0Minuten\" \/>\n<script type=\"application\/ld+json\" class=\"yoast-schema-graph\">{\"@context\":\"https:\\\/\\\/schema.org\",\"@graph\":[{\"@type\":\"WebPage\",\"@id\":\"https:\\\/\\\/haffner.eu\\\/index.php\\\/agb\\\/\",\"url\":\"https:\\\/\\\/haffner.eu\\\/index.php\\\/agb\\\/\",\"name\":\"AGB &#8902; Apartments Costa Rica auf Gran Canaria\",\"isPartOf\":{\"@id\":\"https:\\\/\\\/haffner.eu\\\/#website\"},\"datePublished\":\"2021-08-18T09:35:45+00:00\",\"dateModified\":\"2025-07-30T11:53:10+00:00\",\"breadcrumb\":{\"@id\":\"https:\\\/\\\/haffner.eu\\\/index.php\\\/agb\\\/#breadcrumb\"},\"inLanguage\":\"de\",\"potentialAction\":[{\"@type\":\"ReadAction\",\"target\":[\"https:\\\/\\\/haffner.eu\\\/index.php\\\/agb\\\/\"]}]},{\"@type\":\"BreadcrumbList\",\"@id\":\"https:\\\/\\\/haffner.eu\\\/index.php\\\/agb\\\/#breadcrumb\",\"itemListElement\":[{\"@type\":\"ListItem\",\"position\":1,\"name\":\"Startseite\",\"item\":\"https:\\\/\\\/haffner.eu\\\/\"},{\"@type\":\"ListItem\",\"position\":2,\"name\":\"AGB\"}]},{\"@type\":\"WebSite\",\"@id\":\"https:\\\/\\\/haffner.eu\\\/#website\",\"url\":\"https:\\\/\\\/haffner.eu\\\/\",\"name\":\"Apartments Costa Rica auf Gran Canaria\",\"description\":\"\",\"potentialAction\":[{\"@type\":\"SearchAction\",\"target\":{\"@type\":\"EntryPoint\",\"urlTemplate\":\"https:\\\/\\\/haffner.eu\\\/?s={search_term_string}\"},\"query-input\":{\"@type\":\"PropertyValueSpecification\",\"valueRequired\":true,\"valueName\":\"search_term_string\"}}],\"inLanguage\":\"de\"}]}<\/script>\n<!-- \/ Yoast SEO plugin. -->","yoast_head_json":{"title":"AGB &#8902; Apartments Costa Rica auf Gran Canaria","robots":{"index":"index","follow":"follow","max-snippet":"max-snippet:-1","max-image-preview":"max-image-preview:large","max-video-preview":"max-video-preview:-1"},"canonical":"https:\/\/haffner.eu\/index.php\/agb\/","og_locale":"de_DE","og_type":"article","og_title":"AGB &#8902; Apartments Costa Rica auf Gran Canaria","og_url":"https:\/\/haffner.eu\/index.php\/agb\/","og_site_name":"Apartments Costa Rica auf Gran Canaria","article_modified_time":"2025-07-30T11:53:10+00:00","twitter_card":"summary_large_image","twitter_misc":{"Gesch\u00e4tzte Lesezeit":"9\u00a0Minuten"},"schema":{"@context":"https:\/\/schema.org","@graph":[{"@type":"WebPage","@id":"https:\/\/haffner.eu\/index.php\/agb\/","url":"https:\/\/haffner.eu\/index.php\/agb\/","name":"AGB &#8902; Apartments Costa Rica auf Gran Canaria","isPartOf":{"@id":"https:\/\/haffner.eu\/#website"},"datePublished":"2021-08-18T09:35:45+00:00","dateModified":"2025-07-30T11:53:10+00:00","breadcrumb":{"@id":"https:\/\/haffner.eu\/index.php\/agb\/#breadcrumb"},"inLanguage":"de","potentialAction":[{"@type":"ReadAction","target":["https:\/\/haffner.eu\/index.php\/agb\/"]}]},{"@type":"BreadcrumbList","@id":"https:\/\/haffner.eu\/index.php\/agb\/#breadcrumb","itemListElement":[{"@type":"ListItem","position":1,"name":"Startseite","item":"https:\/\/haffner.eu\/"},{"@type":"ListItem","position":2,"name":"AGB"}]},{"@type":"WebSite","@id":"https:\/\/haffner.eu\/#website","url":"https:\/\/haffner.eu\/","name":"Apartments Costa Rica auf Gran Canaria","description":"","potentialAction":[{"@type":"SearchAction","target":{"@type":"EntryPoint","urlTemplate":"https:\/\/haffner.eu\/?s={search_term_string}"},"query-input":{"@type":"PropertyValueSpecification","valueRequired":true,"valueName":"search_term_string"}}],"inLanguage":"de"}]}},"jetpack_shortlink":"https:\/\/wp.me\/Pdr8Uo-Dz","jetpack_sharing_enabled":true,"_links":{"self":[{"href":"https:\/\/haffner.eu\/index.php\/wp-json\/wp\/v2\/pages\/2453","targetHints":{"allow":["GET"]}}],"collection":[{"href":"https:\/\/haffner.eu\/index.php\/wp-json\/wp\/v2\/pages"}],"about":[{"href":"https:\/\/haffner.eu\/index.php\/wp-json\/wp\/v2\/types\/page"}],"author":[{"embeddable":true,"href":"https:\/\/haffner.eu\/index.php\/wp-json\/wp\/v2\/users\/1"}],"replies":[{"embeddable":true,"href":"https:\/\/haffner.eu\/index.php\/wp-json\/wp\/v2\/comments?post=2453"}],"version-history":[{"count":9,"href":"https:\/\/haffner.eu\/index.php\/wp-json\/wp\/v2\/pages\/2453\/revisions"}],"predecessor-version":[{"id":4113,"href":"https:\/\/haffner.eu\/index.php\/wp-json\/wp\/v2\/pages\/2453\/revisions\/4113"}],"wp:attachment":[{"href":"https:\/\/haffner.eu\/index.php\/wp-json\/wp\/v2\/media?parent=2453"}],"curies":[{"name":"wp","href":"https:\/\/api.w.org\/{rel}","templated":true}]}}