{"id":1648,"date":"2019-07-09T09:32:43","date_gmt":"2019-07-09T08:32:43","guid":{"rendered":"https:\/\/wp.haffner.eu\/?page_id=1648"},"modified":"2022-12-31T20:21:16","modified_gmt":"2022-12-31T19:21:16","slug":"anfrage","status":"publish","type":"page","link":"https:\/\/haffner.eu\/index.php\/anfrage\/","title":{"rendered":"Buchungsanfrage"},"content":{"rendered":"<p><div class=\"fusion-fullwidth fullwidth-box fusion-builder-row-1 fusion-flex-container nonhundred-percent-fullwidth non-hundred-percent-height-scrolling\" style=\"--link_hover_color: #e91e63;--awb-border-radius-top-left:0px;--awb-border-radius-top-right:0px;--awb-border-radius-bottom-right:0px;--awb-border-radius-bottom-left:0px;--awb-background-color:#ffffff;--awb-flex-wrap:wrap;\" ><div class=\"fusion-builder-row fusion-row fusion-flex-align-items-flex-start fusion-flex-content-wrap\" style=\"max-width:1144px;margin-left: calc(-4% \/ 2 );margin-right: calc(-4% \/ 2 );\"><div class=\"fusion-layout-column fusion_builder_column fusion-builder-column-0 fusion_builder_column_1_1 1_1 fusion-flex-column\" style=\"--awb-padding-top:40px;--awb-padding-right:40px;--awb-padding-left:40px;--awb-bg-size:cover;--awb-width-large:100%;--awb-margin-top-large:0px;--awb-spacing-right-large:1.92%;--awb-margin-bottom-large:20px;--awb-spacing-left-large:1.92%;--awb-width-medium:100%;--awb-order-medium:0;--awb-spacing-right-medium:1.92%;--awb-spacing-left-medium:1.92%;--awb-width-small:100%;--awb-order-small:0;--awb-spacing-right-small:1.92%;--awb-spacing-left-small:1.92%;\"><div class=\"fusion-column-wrapper fusion-column-has-shadow fusion-flex-justify-content-flex-start fusion-content-layout-column\"><div class=\"fusion-text fusion-text-1\" style=\"--awb-text-color:#000000;\"><p><b style=\"font-size: 15px;\" data-fusion-font=\"true\">F\u00fcr eine unverbindliche Anfrage, f\u00fcllen Sie bitte das Formular aus. <\/b><\/p>\n<p><b style=\"font-size: 15px;\" data-fusion-font=\"true\">Wir werden uns in K\u00fcrze mit Ihnen in Verbindung setzen.<\/b><\/p>\n<\/div><div class=\"fusion-text fusion-text-2\"><p><strong>\n<div class=\"wpcf7 no-js\" id=\"wpcf7-f2292-o1\" lang=\"de-DE\" dir=\"ltr\" data-wpcf7-id=\"2292\">\n<div class=\"screen-reader-response\"><p role=\"status\" aria-live=\"polite\" aria-atomic=\"true\"><\/p> <ul><\/ul><\/div>\n<form action=\"\/index.php\/wp-json\/wp\/v2\/pages\/1648#wpcf7-f2292-o1\" method=\"post\" class=\"wpcf7-form init\" aria-label=\"Kontaktformular\" novalidate=\"novalidate\" data-status=\"init\">\n<fieldset class=\"hidden-fields-container\"><input type=\"hidden\" name=\"_wpcf7\" value=\"2292\" \/><input type=\"hidden\" name=\"_wpcf7_version\" value=\"6.1.5\" \/><input type=\"hidden\" name=\"_wpcf7_locale\" value=\"de_DE\" \/><input type=\"hidden\" name=\"_wpcf7_unit_tag\" value=\"wpcf7-f2292-o1\" \/><input type=\"hidden\" name=\"_wpcf7_container_post\" value=\"0\" \/><input type=\"hidden\" name=\"_wpcf7_posted_data_hash\" value=\"\" \/>\n<\/fieldset>\n<p><label> Vorname (Pflichtfeld)<br \/>\n<span class=\"wpcf7-form-control-wrap\" data-name=\"Vorname\"><input size=\"40\" maxlength=\"400\" class=\"wpcf7-form-control wpcf7-text wpcf7-validates-as-required\" aria-required=\"true\" aria-invalid=\"false\" value=\"\" type=\"text\" name=\"Vorname\" \/><\/span> <\/label><br \/>\n<label> Nachname (Pflichtfeld)<br \/>\n<span class=\"wpcf7-form-control-wrap\" data-name=\"Nachname\"><input size=\"40\" maxlength=\"400\" class=\"wpcf7-form-control wpcf7-text wpcf7-validates-as-required\" aria-required=\"true\" aria-invalid=\"false\" value=\"\" type=\"text\" name=\"Nachname\" \/><\/span> <\/label><br \/>\n<label> Geburtsjahr (Pflichtfeld)<br \/>\n<span class=\"wpcf7-form-control-wrap\" data-name=\"Geburtsjahr\"><input size=\"40\" maxlength=\"400\" class=\"wpcf7-form-control wpcf7-text wpcf7-validates-as-required\" aria-required=\"true\" aria-invalid=\"false\" value=\"\" type=\"text\" name=\"Geburtsjahr\" \/><\/span> <\/label><br \/>\n<label> Strasse und Hausnummer<br \/>\n<span class=\"wpcf7-form-control-wrap\" data-name=\"Strasse\"><input size=\"40\" maxlength=\"400\" class=\"wpcf7-form-control wpcf7-text\" aria-invalid=\"false\" value=\"\" type=\"text\" name=\"Strasse\" \/><\/span> <\/label><br \/>\n<label> Postleitzahl<br \/>\n<span class=\"wpcf7-form-control-wrap\" data-name=\"Postleitzahl\"><input size=\"40\" maxlength=\"400\" class=\"wpcf7-form-control wpcf7-text\" aria-invalid=\"false\" value=\"\" type=\"text\" name=\"Postleitzahl\" \/><\/span> <\/label><br \/>\n<label> Wohnort<br \/>\n<span class=\"wpcf7-form-control-wrap\" data-name=\"Wohnort\"><input size=\"40\" maxlength=\"400\" class=\"wpcf7-form-control wpcf7-text\" aria-invalid=\"false\" value=\"\" type=\"text\" name=\"Wohnort\" \/><\/span> <\/label><br \/>\n<label> Land<br \/>\n<span class=\"wpcf7-form-control-wrap\" data-name=\"Land\"><input size=\"40\" maxlength=\"400\" class=\"wpcf7-form-control wpcf7-text\" aria-invalid=\"false\" value=\"\" type=\"text\" name=\"Land\" \/><\/span> <\/label><br \/>\n<label> Telefon privat<br \/>\n<span class=\"wpcf7-form-control-wrap\" data-name=\"Telefon\"><input size=\"40\" maxlength=\"400\" class=\"wpcf7-form-control wpcf7-text\" aria-invalid=\"false\" value=\"\" type=\"text\" name=\"Telefon\" \/><\/span> <\/label><br \/>\n<label> Telefon dienstlich<br \/>\n<span class=\"wpcf7-form-control-wrap\" data-name=\"Telefon\"><input size=\"40\" maxlength=\"400\" class=\"wpcf7-form-control wpcf7-text\" aria-invalid=\"false\" value=\"\" type=\"text\" name=\"Telefon\" \/><\/span> <\/label><br \/>\n<label> Mobiltelefon<br \/>\n<span class=\"wpcf7-form-control-wrap\" data-name=\"Mobiltelefon\"><input size=\"40\" maxlength=\"400\" class=\"wpcf7-form-control wpcf7-text\" aria-invalid=\"false\" value=\"\" type=\"text\" name=\"Mobiltelefon\" \/><\/span> <\/label><br \/>\n<label> E-Mail-Adresse (Pflichtfeld)<br \/>\n<span class=\"wpcf7-form-control-wrap\" data-name=\"E-Mail\"><input size=\"40\" maxlength=\"400\" class=\"wpcf7-form-control wpcf7-email wpcf7-validates-as-required wpcf7-text wpcf7-validates-as-email\" aria-required=\"true\" aria-invalid=\"false\" value=\"\" type=\"email\" name=\"E-Mail\" \/><\/span> <\/label><br \/>\n<label> Anzahl Personen <\/label><br \/>\n<span class=\"wpcf7-form-control-wrap\" data-name=\"menu-924\"><select class=\"wpcf7-form-control wpcf7-select\" aria-invalid=\"false\" name=\"menu-924\"><option value=\"\">&#8211; Bitte ausw\u00e4hlen &#8211;<\/option><option value=\"1\">1<\/option><option value=\"2\">2<\/option><\/select><\/span><br \/>\n<label> Name des\/der Mitreisenden<br \/>\n<span class=\"wpcf7-form-control-wrap\" data-name=\"Name\"><input size=\"40\" maxlength=\"400\" class=\"wpcf7-form-control wpcf7-text\" aria-invalid=\"false\" value=\"\" type=\"text\" name=\"Name\" \/><\/span> <\/label><br \/>\n<label> Apartment Typ <\/label><br \/>\n<span class=\"wpcf7-form-control-wrap\" data-name=\"menu-494\"><select class=\"wpcf7-form-control wpcf7-select\" aria-invalid=\"false\" name=\"menu-494\"><option value=\"\">&#8211; Bitte ausw\u00e4hlen &#8211;<\/option><option value=\"Typ A\">Typ A<\/option><option value=\"Typ S-Suite\">Typ S-Suite<\/option><option value=\"Egal\">Egal<\/option><\/select><\/span><br \/>\n<label> Etage <\/label><br \/>\n<span class=\"wpcf7-form-control-wrap\" data-name=\"menu-933\"><select class=\"wpcf7-form-control wpcf7-select\" aria-invalid=\"false\" name=\"menu-933\"><option value=\"\">&#8211; Bitte ausw\u00e4hlen &#8211;<\/option><option value=\"Parterre\">Parterre<\/option><option value=\"1. OG\">1. OG<\/option><option value=\"2. OG\">2. OG<\/option><option value=\"Egal\">Egal<\/option><\/select><\/span><br \/>\n<label> Anreisedatum <\/label><br \/>\n<span class=\"wpcf7-form-control-wrap\" data-name=\"date-635\"><input class=\"wpcf7-form-control wpcf7-date wpcf7-validates-as-date\" aria-invalid=\"false\" value=\"\" type=\"date\" name=\"date-635\" \/><\/span><br \/>\n<label> Abreisedatum <\/label><br \/>\n<span class=\"wpcf7-form-control-wrap\" data-name=\"date-556\"><input class=\"wpcf7-form-control wpcf7-date wpcf7-validates-as-date\" aria-invalid=\"false\" value=\"\" type=\"date\" name=\"date-556\" \/><\/span>\n<\/p>\n<p><label> Flexibler Termin <\/label>\n<\/p>\n<p><span class=\"wpcf7-form-control-wrap\" data-name=\"checkbox-404\"><span class=\"wpcf7-form-control wpcf7-checkbox\"><span class=\"wpcf7-list-item first last\"><span class=\"wpcf7-list-item-label\">Ja<\/span><input type=\"checkbox\" name=\"checkbox-404[]\" value=\"Ja\" \/><\/span><\/span><\/span>\n<\/p>\n<p><label> Anmerkungen<br \/>\n<span class=\"wpcf7-form-control-wrap\" data-name=\"Anmerkungen\"><textarea cols=\"40\" rows=\"10\" maxlength=\"2000\" class=\"wpcf7-form-control wpcf7-textarea\" aria-invalid=\"false\" name=\"Anmerkungen\"><\/textarea><\/span> <\/label>\n<\/p>\n<p><span class=\"wpcf7-form-control-wrap\" data-name=\"your-consent\"><span class=\"wpcf7-form-control wpcf7-acceptance\"><span class=\"wpcf7-list-item\"><label><input type=\"checkbox\" name=\"your-consent\" value=\"1\" aria-invalid=\"false\" \/><span class=\"wpcf7-list-item-label\">Ich akzeptiere die <a href=\"https:\/\/haffner.eu\/index.php\/politica-de-privacidad-datenschutzpolitik\/\">Privacidad de datos\/Datenschutzpolitik<\/a><\/span><\/label><\/span><\/span><\/span>\n<\/p>\n<p><input class=\"wpcf7-form-control wpcf7-submit has-spinner\" type=\"submit\" value=\"Senden\" \/>\n<\/p><p style=\"display: none !important;\" class=\"akismet-fields-container\" data-prefix=\"_wpcf7_ak_\"><label>&#916;<textarea name=\"_wpcf7_ak_hp_textarea\" cols=\"45\" rows=\"8\" maxlength=\"100\"><\/textarea><\/label><input type=\"hidden\" id=\"ak_js_1\" name=\"_wpcf7_ak_js\" value=\"70\"\/><script>document.getElementById( \"ak_js_1\" ).setAttribute( \"value\", ( new Date() ).getTime() );<\/script><\/p><div class=\"fusion-alert alert custom alert-custom fusion-alert-center wpcf7-response-output fusion-alert-capitalize awb-alert-native-link-color alert-dismissable awb-alert-close-boxed\" style=\"--awb-border-size:1px;--awb-border-top-left-radius:0px;--awb-border-top-right-radius:0px;--awb-border-bottom-left-radius:0px;--awb-border-bottom-right-radius:0px;\" role=\"alert\"><div class=\"fusion-alert-content-wrapper\"><span class=\"fusion-alert-content\"><\/span><\/div><button type=\"button\" class=\"close toggle-alert\" data-dismiss=\"alert\" aria-label=\"Close\">&times;<\/button><\/div>\n<\/form>\n<\/div>\n<\/strong><\/p>\n<\/div><\/div><\/div><\/div><\/div><div class=\"fusion-fullwidth fullwidth-box fusion-builder-row-2 has-pattern-background has-mask-background nonhundred-percent-fullwidth non-hundred-percent-height-scrolling\" style=\"--link_hover_color: #e91e63;--awb-border-radius-top-left:0px;--awb-border-radius-top-right:0px;--awb-border-radius-bottom-right:0px;--awb-border-radius-bottom-left:0px;--awb-padding-right:40px;--awb-padding-left:40px;--awb-background-color:#ffffff;--awb-flex-wrap:wrap;\" ><div class=\"fusion-builder-row fusion-row\"><div class=\"fusion-layout-column fusion_builder_column fusion-builder-column-1 fusion_builder_column_1_2 1_2 fusion-one-half fusion-column-first\" style=\"--awb-bg-size:cover;width:50%;width:calc(50% - ( ( 4% ) * 0.5 ) );margin-right: 4%;\"><div class=\"fusion-column-wrapper fusion-column-has-shadow fusion-flex-column-wrapper-legacy\"><div class=\"fusion-content-boxes content-boxes columns row fusion-columns-1 fusion-columns-total-1 fusion-content-boxes-1 content-boxes-icon-with-title content-left\" style=\"--awb-hover-accent-color:#ef4126;--awb-circle-hover-accent-color:#ef4126;--awb-item-margin-bottom:40px;\" data-animationOffset=\"top-into-view\"><div style=\"--awb-backgroundcolor:transparent;\" class=\"fusion-column content-box-column content-box-column content-box-column-1 col-lg-12 col-md-12 col-sm-12 fusion-content-box-hover content-box-column-last content-box-column-last-in-row\"><div class=\"col content-box-wrapper content-wrapper link-area-link-icon icon-hover-animation-fade\" data-animationOffset=\"top-into-view\"><div class=\"heading icon-left\"><h2 class=\"content-box-heading\" style=\"--h2_typography-font-size:18px;line-height:23px;\">Informaci\u00f3n b\u00e1sica sobre protecci\u00f3n de datos<\/h2><\/div><div class=\"fusion-clearfix\"><\/div><div class=\"content-container\">\n<table>\n<tbody>\n<tr>\n<td width=\"283\"><span style=\"color: #000000;\"><strong>Responsable del tratamiento<\/strong><\/span><\/td>\n<td width=\"283\"><span style=\"color: #000000;\">FEWO HAFFNER, S.L.<\/span><\/td>\n<\/tr>\n<tr>\n<td width=\"283\"><span style=\"color: #000000;\"><strong>Direcci\u00f3n del responsable<\/strong><\/span><\/td>\n<td width=\"283\"><span style=\"color: #000000;\">C\/ ROMA, N\u00ba16, CP 35100, SAN BARTOLOM\u00c9 DE TIRAJANA (Las Palmas)<\/span><\/td>\n<\/tr>\n<tr>\n<td width=\"283\"><span style=\"color: #000000;\"><strong>Finalidad<\/strong><\/span><\/td>\n<td width=\"283\"><span style=\"color: #000000;\">Sus datos ser\u00e1n usados para poder atender sus solicitudes y prestarle nuestros servicios.<\/span><\/td>\n<\/tr>\n<tr>\n<td width=\"283\"><span style=\"color: #000000;\"><strong>Publicidad<\/strong><\/span><\/td>\n<td width=\"283\"><span style=\"color: #000000;\">Solo le enviaremos publicidad con su autorizaci\u00f3n previa, que podr\u00e1 facilitarnos mediante la casilla correspondiente establecida al efecto.<\/span><\/td>\n<\/tr>\n<tr>\n<td width=\"283\"><span style=\"color: #000000;\"><strong>Legitimaci\u00f3n<\/strong><\/span><\/td>\n<td width=\"283\"><span style=\"color: #000000;\">\u00danicamente trataremos sus datos con su consentimiento previo, que podr\u00e1 facilitarnos mediante la casilla correspondiente establecida al efecto.<\/span><\/td>\n<\/tr>\n<tr>\n<td width=\"283\"><span style=\"color: #000000;\"><strong>Destinatarios<\/strong><\/span><\/td>\n<td width=\"283\"><span style=\"color: #000000;\">Con car\u00e1cter general, s\u00f3lo el personal de nuestra entidad que est\u00e9 debidamente autorizado podr\u00e1 tener conocimiento de la informaci\u00f3n que le pedimos.<\/span><\/td>\n<\/tr>\n<tr>\n<td width=\"283\"><span style=\"color: #000000;\"><strong>Derechos<\/strong><\/span><\/td>\n<td width=\"283\"><span style=\"color: #000000;\">Tiene derecho a saber qu\u00e9 informaci\u00f3n tenemos sobre usted, corregirla y eliminarla, tal y como se explica en la informaci\u00f3n adicional disponible en nuestra p\u00e1gina web.<\/span><\/td>\n<\/tr>\n<tr>\n<td width=\"283\"><span style=\"color: #000000;\"><strong>Informaci\u00f3n adicional<\/strong><\/span><\/td>\n<td width=\"283\"><span style=\"color: #000000;\">M\u00e1s informaci\u00f3n en el apartado<\/span> <strong>\u201c<a href=\"https:\/\/haffner.eu\/index.php\/politica-de-privacidad-datenschutzpolitik\/\">POL\u00cdTICA DE PRIVACIDAD\/DATENSCHUTZPOLITIK<\/a>\u201d<\/strong> <span style=\"color: #000000;\">de nuestra p\u00e1gina web.<\/span><\/td>\n<\/tr>\n<\/tbody>\n<\/table>\n<\/div><\/div><\/div><div class=\"fusion-clearfix\"><\/div><\/div><div class=\"fusion-clearfix\"><\/div><\/div><\/div><div class=\"fusion-layout-column fusion_builder_column fusion-builder-column-2 fusion_builder_column_1_2 1_2 fusion-one-half fusion-column-last\" style=\"--awb-padding-left-small:5%;--awb-bg-size:cover;width:50%;width:calc(50% - ( ( 4% ) * 0.5 ) );\"><div class=\"fusion-column-wrapper fusion-column-has-shadow fusion-flex-column-wrapper-legacy\"><div class=\"fusion-content-boxes content-boxes columns row fusion-columns-1 fusion-columns-total-1 fusion-content-boxes-2 content-boxes-icon-with-title content-left\" style=\"--awb-hover-accent-color:#ef4126;--awb-circle-hover-accent-color:#ef4126;--awb-item-margin-bottom:40px;\" data-animationOffset=\"top-into-view\"><div style=\"--awb-backgroundcolor:transparent;\" class=\"fusion-column content-box-column content-box-column content-box-column-1 col-lg-12 col-md-12 col-sm-12 fusion-content-box-hover content-box-column-last content-box-column-last-in-row\"><div class=\"col content-box-wrapper content-wrapper link-area-link-icon icon-hover-animation-fade\" data-animationOffset=\"top-into-view\"><div class=\"heading icon-left\"><h2 class=\"content-box-heading\" style=\"--h2_typography-font-size:18px;line-height:23px;\">Basisinformation zum Datenschutz<\/h2><\/div><div class=\"fusion-clearfix\"><\/div><div class=\"content-container\">\n<table>\n<tbody>\n<tr>\n<td width=\"283\"><span style=\"color: #000000;\"><b>Verantwortlicher der Datenverarbeitung<\/b><\/span><\/td>\n<td width=\"283\"><span style=\"color: #000000;\">FEWO HAFFNER, S.L.<\/span><\/td>\n<\/tr>\n<tr>\n<td width=\"283\"><span style=\"color: #000000;\"><b>Anschrift des Verantwortlichen<\/b><\/span><\/td>\n<td width=\"283\"><span style=\"color: #000000;\">C\/ ROMA, N\u00ba16, CP 35100, SAN BARTOLOM\u00c9 DE TIRAJANA (Las Palmas)<\/span><\/td>\n<\/tr>\n<tr>\n<td width=\"283\"><span style=\"color: #000000;\"><b>Zweck<\/b><\/span><\/td>\n<td width=\"283\"><span style=\"color: #000000;\">Ihre Daten werden verwendet um Ihre Anfragen zu bearbeiten und Ihnen unsere Dienstleistungen erbringen zu k\u00f6nnen.<\/span><\/td>\n<\/tr>\n<tr>\n<td width=\"283\"><span style=\"color: #000000;\"><b>Werbung<\/b><\/span><\/td>\n<td width=\"283\"><span style=\"color: #000000;\">Wir senden Ihnen Werbung nur mit Ihrer vorherigen Genehmigung, die Sie uns \u00fcber das entsprechende Feld zu diesem Zweck zur Verf\u00fcgung stellen k\u00f6nnen.<\/span><\/td>\n<\/tr>\n<tr>\n<td width=\"283\"><span style=\"color: #000000;\"><strong>Legitimierung<\/strong><\/span><\/td>\n<td width=\"283\"><span style=\"color: #000000;\">Wir werden Ihre Daten nur mit Ihrer vorherigen Zustimmung verarbeiten, die Sie uns \u00fcber das entsprechende Feld zu diesem Zweck zur Verf\u00fcgung stellen k\u00f6nnen.<\/span><\/td>\n<\/tr>\n<tr>\n<td width=\"283\"><span style=\"color: #000000;\"><strong>Empf\u00e4nger<\/strong><\/span><\/td>\n<td width=\"283\"><span style=\"color: #000000;\">Im Allgemeinen kann nur das ordnungsgem\u00e4\u00df autorisierte Personal unseres Unternehmens Kenntnis von den von uns angeforderten Informationen erhalten.<\/span><\/td>\n<\/tr>\n<tr>\n<td width=\"283\"><span style=\"color: #000000;\"><b>Rechte<\/b><\/span><\/td>\n<td width=\"283\"><span style=\"color: #000000;\">Sie haben das Recht zu erfahren, welche Informationen wir \u00fcber Sie haben, diese zu korrigieren und zu l\u00f6schen, wie in den zus\u00e4tzlichen Informationen auf unserer Website erl\u00e4utert.<\/span><\/td>\n<\/tr>\n<tr>\n<td width=\"283\"><span style=\"color: #000000;\"><b>Zus\u00e4tzliche Information<\/b><\/span><\/td>\n<td width=\"283\"><span style=\"color: #000000;\">Mehr Information unter<\/span> <strong>\u201c<a href=\"https:\/\/haffner.eu\/index.php\/politica-de-privacidad-datenschutzpolitik\/\">POL\u00cdTICA DE PRIVACIDAD\/DATENSCHUTZPOLITIK<\/a>\u201d<\/strong> <span style=\"color: #000000;\">auf unserer Webseite.<\/span><\/td>\n<\/tr>\n<\/tbody>\n<\/table>\n<\/div><\/div><\/div><div class=\"fusion-clearfix\"><\/div><\/div><div class=\"fusion-clearfix\"><\/div><\/div><\/div><\/div><\/div><\/p>\n","protected":false},"excerpt":{"rendered":"","protected":false},"author":1,"featured_media":0,"parent":0,"menu_order":0,"comment_status":"closed","ping_status":"closed","template":"","meta":{"footnotes":""},"class_list":["post-1648","page","type-page","status-publish","hentry"],"yoast_head":"<!-- This site is optimized with the Yoast SEO plugin v27.3 - https:\/\/yoast.com\/product\/yoast-seo-wordpress\/ -->\n<title>Buchungsanfrage &#8902; Apartments Costa Rica auf Gran Canaria<\/title>\n<meta name=\"description\" content=\"F\u00fcr eine unverbindliche Anfrage, f\u00fcllen Sie bitte dieses Formular aus. Wir werden uns in K\u00fcrze mit Ihnen in Verbindung setzen.\" \/>\n<meta name=\"robots\" content=\"index, follow, max-snippet:-1, max-image-preview:large, max-video-preview:-1\" \/>\n<link rel=\"canonical\" href=\"https:\/\/haffner.eu\/index.php\/anfrage\/\" \/>\n<meta property=\"og:locale\" content=\"de_DE\" \/>\n<meta property=\"og:type\" content=\"article\" \/>\n<meta property=\"og:title\" content=\"Buchungsanfrage &#8902; Apartments Costa Rica auf Gran Canaria\" \/>\n<meta property=\"og:description\" content=\"F\u00fcr eine unverbindliche Anfrage, f\u00fcllen Sie bitte dieses Formular aus. Wir werden uns in K\u00fcrze mit Ihnen in Verbindung setzen.\" \/>\n<meta property=\"og:url\" content=\"https:\/\/haffner.eu\/index.php\/anfrage\/\" \/>\n<meta property=\"og:site_name\" content=\"Apartments Costa Rica auf Gran Canaria\" \/>\n<meta property=\"article:modified_time\" content=\"2022-12-31T19:21:16+00:00\" \/>\n<meta name=\"twitter:card\" content=\"summary_large_image\" \/>\n<meta name=\"twitter:label1\" content=\"Gesch\u00e4tzte Lesezeit\" \/>\n\t<meta name=\"twitter:data1\" content=\"7\u00a0Minuten\" \/>\n<script type=\"application\/ld+json\" class=\"yoast-schema-graph\">{\"@context\":\"https:\\\/\\\/schema.org\",\"@graph\":[{\"@type\":\"WebPage\",\"@id\":\"https:\\\/\\\/haffner.eu\\\/index.php\\\/anfrage\\\/\",\"url\":\"https:\\\/\\\/haffner.eu\\\/index.php\\\/anfrage\\\/\",\"name\":\"Buchungsanfrage &#8902; Apartments Costa Rica auf Gran Canaria\",\"isPartOf\":{\"@id\":\"https:\\\/\\\/haffner.eu\\\/#website\"},\"datePublished\":\"2019-07-09T08:32:43+00:00\",\"dateModified\":\"2022-12-31T19:21:16+00:00\",\"description\":\"F\u00fcr eine unverbindliche Anfrage, f\u00fcllen Sie bitte dieses Formular aus. Wir werden uns in K\u00fcrze mit Ihnen in Verbindung setzen.\",\"breadcrumb\":{\"@id\":\"https:\\\/\\\/haffner.eu\\\/index.php\\\/anfrage\\\/#breadcrumb\"},\"inLanguage\":\"de\",\"potentialAction\":[{\"@type\":\"ReadAction\",\"target\":[\"https:\\\/\\\/haffner.eu\\\/index.php\\\/anfrage\\\/\"]}]},{\"@type\":\"BreadcrumbList\",\"@id\":\"https:\\\/\\\/haffner.eu\\\/index.php\\\/anfrage\\\/#breadcrumb\",\"itemListElement\":[{\"@type\":\"ListItem\",\"position\":1,\"name\":\"Startseite\",\"item\":\"https:\\\/\\\/haffner.eu\\\/\"},{\"@type\":\"ListItem\",\"position\":2,\"name\":\"Buchungsanfrage\"}]},{\"@type\":\"WebSite\",\"@id\":\"https:\\\/\\\/haffner.eu\\\/#website\",\"url\":\"https:\\\/\\\/haffner.eu\\\/\",\"name\":\"Apartments Costa Rica auf Gran Canaria\",\"description\":\"\",\"potentialAction\":[{\"@type\":\"SearchAction\",\"target\":{\"@type\":\"EntryPoint\",\"urlTemplate\":\"https:\\\/\\\/haffner.eu\\\/?s={search_term_string}\"},\"query-input\":{\"@type\":\"PropertyValueSpecification\",\"valueRequired\":true,\"valueName\":\"search_term_string\"}}],\"inLanguage\":\"de\"}]}<\/script>\n<!-- \/ Yoast SEO plugin. -->","yoast_head_json":{"title":"Buchungsanfrage &#8902; Apartments Costa Rica auf Gran Canaria","description":"F\u00fcr eine unverbindliche Anfrage, f\u00fcllen Sie bitte dieses Formular aus. Wir werden uns in K\u00fcrze mit Ihnen in Verbindung setzen.","robots":{"index":"index","follow":"follow","max-snippet":"max-snippet:-1","max-image-preview":"max-image-preview:large","max-video-preview":"max-video-preview:-1"},"canonical":"https:\/\/haffner.eu\/index.php\/anfrage\/","og_locale":"de_DE","og_type":"article","og_title":"Buchungsanfrage &#8902; Apartments Costa Rica auf Gran Canaria","og_description":"F\u00fcr eine unverbindliche Anfrage, f\u00fcllen Sie bitte dieses Formular aus. Wir werden uns in K\u00fcrze mit Ihnen in Verbindung setzen.","og_url":"https:\/\/haffner.eu\/index.php\/anfrage\/","og_site_name":"Apartments Costa Rica auf Gran Canaria","article_modified_time":"2022-12-31T19:21:16+00:00","twitter_card":"summary_large_image","twitter_misc":{"Gesch\u00e4tzte Lesezeit":"7\u00a0Minuten"},"schema":{"@context":"https:\/\/schema.org","@graph":[{"@type":"WebPage","@id":"https:\/\/haffner.eu\/index.php\/anfrage\/","url":"https:\/\/haffner.eu\/index.php\/anfrage\/","name":"Buchungsanfrage &#8902; Apartments Costa Rica auf Gran Canaria","isPartOf":{"@id":"https:\/\/haffner.eu\/#website"},"datePublished":"2019-07-09T08:32:43+00:00","dateModified":"2022-12-31T19:21:16+00:00","description":"F\u00fcr eine unverbindliche Anfrage, f\u00fcllen Sie bitte dieses Formular aus. Wir werden uns in K\u00fcrze mit Ihnen in Verbindung setzen.","breadcrumb":{"@id":"https:\/\/haffner.eu\/index.php\/anfrage\/#breadcrumb"},"inLanguage":"de","potentialAction":[{"@type":"ReadAction","target":["https:\/\/haffner.eu\/index.php\/anfrage\/"]}]},{"@type":"BreadcrumbList","@id":"https:\/\/haffner.eu\/index.php\/anfrage\/#breadcrumb","itemListElement":[{"@type":"ListItem","position":1,"name":"Startseite","item":"https:\/\/haffner.eu\/"},{"@type":"ListItem","position":2,"name":"Buchungsanfrage"}]},{"@type":"WebSite","@id":"https:\/\/haffner.eu\/#website","url":"https:\/\/haffner.eu\/","name":"Apartments Costa Rica auf Gran Canaria","description":"","potentialAction":[{"@type":"SearchAction","target":{"@type":"EntryPoint","urlTemplate":"https:\/\/haffner.eu\/?s={search_term_string}"},"query-input":{"@type":"PropertyValueSpecification","valueRequired":true,"valueName":"search_term_string"}}],"inLanguage":"de"}]}},"jetpack_shortlink":"https:\/\/wp.me\/Pdr8Uo-qA","jetpack_sharing_enabled":true,"_links":{"self":[{"href":"https:\/\/haffner.eu\/index.php\/wp-json\/wp\/v2\/pages\/1648","targetHints":{"allow":["GET"]}}],"collection":[{"href":"https:\/\/haffner.eu\/index.php\/wp-json\/wp\/v2\/pages"}],"about":[{"href":"https:\/\/haffner.eu\/index.php\/wp-json\/wp\/v2\/types\/page"}],"author":[{"embeddable":true,"href":"https:\/\/haffner.eu\/index.php\/wp-json\/wp\/v2\/users\/1"}],"replies":[{"embeddable":true,"href":"https:\/\/haffner.eu\/index.php\/wp-json\/wp\/v2\/comments?post=1648"}],"version-history":[{"count":50,"href":"https:\/\/haffner.eu\/index.php\/wp-json\/wp\/v2\/pages\/1648\/revisions"}],"predecessor-version":[{"id":3349,"href":"https:\/\/haffner.eu\/index.php\/wp-json\/wp\/v2\/pages\/1648\/revisions\/3349"}],"wp:attachment":[{"href":"https:\/\/haffner.eu\/index.php\/wp-json\/wp\/v2\/media?parent=1648"}],"curies":[{"name":"wp","href":"https:\/\/api.w.org\/{rel}","templated":true}]}}